{"id":41,"date":"2022-04-22T07:16:36","date_gmt":"2022-04-22T06:16:36","guid":{"rendered":"https:\/\/banzeassociates.com\/home\/"},"modified":"2025-06-26T14:46:46","modified_gmt":"2025-06-26T13:46:46","slug":"homepage","status":"publish","type":"page","link":"https:\/\/banzeassociates.com\/fr\/","title":{"rendered":"Accueil"},"content":{"rendered":"<h2><font style=\"vertical-align: inherit;\"><font style=\"vertical-align: inherit;\" class=\"goog-text-highlight\"><font style=\"vertical-align: inherit;\"><font style=\"vertical-align: inherit;\" class=\"goog-text-highlight\"><font style=\"vertical-align: inherit;\"><font style=\"vertical-align: inherit;\" class=\"goog-text-highlight\"><font style=\"vertical-align: inherit;\"><font style=\"vertical-align: inherit;\" class=\"goog-text-highlight\"><font style=\"vertical-align: inherit;\"><font style=\"vertical-align: inherit;\" class=\"goog-text-highlight\"><font style=\"vertical-align: inherit;\"><font style=\"vertical-align: inherit;\" class=\"\">Bienvenu<\/font><\/font><\/font><\/font><\/font><\/font><\/font><\/font><\/font><\/font><\/font><\/font><\/h2>\n\n\n\nWe give you legal advice on judicial maters before the justice.\n\n\n\nOur firm defends you before the courts and tribunals to protect you, preserve your rights and even property.\n\n\n\nWe help you to write various correspondences and various documents\u2026\n\n\n\n\n\n\n\n\n\n\n\n<p><font color=\"#ffffff\">Avec plus de 15 ans d'exp\u00e9rience \u00e9prouv\u00e9e, le cabinet d'avocats Banze &amp; Associ\u00e9s est l\u00e0 pour vous servir encore plus dans des comp\u00e9tences vari\u00e9es.<\/font><span style=\"color: rgb(255, 255, 255);\">.<\/span><\/p>\n\n\n\n\n\n<h2>Nos services<\/h2>\n\n\n\n\n\n\nLe Cabinet assiste et\/ou repr\u00e9sente ses clients de mani\u00e8re non exhaustive dans les mati\u00e8res suivantes :\n\n\n\n<font style=\"vertical-align: inherit;\"><font style=\"vertical-align: inherit;\" class=\"\">The firm assists employers and\/or employees and even trade unions in all aspects of labor law and social security as an advisor&#8230;<\/font><\/font>\n\n\n\nAssistance and\/or Representation of natural and\/or legal persons, traders or not, by bringing cases to the first degree&#8230;\n\n\n\n\n\n\nAssistance, advice and\/or representation of natural and\/or legal persons prosecuted for various offenses&#8230;\n\n\n\n\nThe management of administrative litigation by drafting appeals&#8230;\n\n\n\nThe Firm supports companies and individuals in the context of their commercial development<br>\n\n\n\n\n\n\nLe contentieux minier est une de nos sp\u00e9cialisations, nous intervenons pour des soci\u00e9t\u00e9s mini\u00e8res mais aussi pour des particuliers<br>","protected":false},"excerpt":{"rendered":"","protected":false},"author":1,"featured_media":0,"parent":0,"menu_order":0,"comment_status":"closed","ping_status":"closed","template":"","meta":{"pagelayer_contact_templates":[],"_pagelayer_content":"","footnotes":""},"class_list":["post-41","page","type-page","status-publish","hentry"],"_links":{"self":[{"href":"https:\/\/banzeassociates.com\/fr\/wp-json\/wp\/v2\/pages\/41","targetHints":{"allow":["GET"]}}],"collection":[{"href":"https:\/\/banzeassociates.com\/fr\/wp-json\/wp\/v2\/pages"}],"about":[{"href":"https:\/\/banzeassociates.com\/fr\/wp-json\/wp\/v2\/types\/page"}],"author":[{"embeddable":true,"href":"https:\/\/banzeassociates.com\/fr\/wp-json\/wp\/v2\/users\/1"}],"replies":[{"embeddable":true,"href":"https:\/\/banzeassociates.com\/fr\/wp-json\/wp\/v2\/comments?post=41"}],"version-history":[{"count":15,"href":"https:\/\/banzeassociates.com\/fr\/wp-json\/wp\/v2\/pages\/41\/revisions"}],"predecessor-version":[{"id":776,"href":"https:\/\/banzeassociates.com\/fr\/wp-json\/wp\/v2\/pages\/41\/revisions\/776"}],"wp:attachment":[{"href":"https:\/\/banzeassociates.com\/fr\/wp-json\/wp\/v2\/media?parent=41"}],"curies":[{"name":"wp","href":"https:\/\/api.w.org\/{rel}","templated":true}]}}